{"id":1781,"date":"2024-01-18T23:58:08","date_gmt":"2024-01-18T22:58:08","guid":{"rendered":"https:\/\/equistair.de\/newsletter\/"},"modified":"2024-11-08T15:22:48","modified_gmt":"2024-11-08T14:22:48","slug":"newsletter","status":"publish","type":"page","link":"https:\/\/equistair.de\/en\/newsletter\/","title":{"rendered":"Newsletter"},"content":{"rendered":"\n\t<div id=\"gap-653125636\" class=\"gap-element clearfix\" style=\"display:block; height:auto;\">\n\t\t\n<style>\n#gap-653125636 {\n  padding-top: 30px;\n}\n<\/style>\n\t<\/div>\n\t\n\n\n\t<section class=\"section\" id=\"section_1387964077\">\n\t\t<div class=\"section-bg fill\" >\n\t\t\t<img loading=\"lazy\" decoding=\"async\" width=\"2048\" height=\"1365\" src=\"https:\/\/equistair.de\/wp-content\/uploads\/2024\/01\/DSC_6422_R-2048x1365.jpg\" class=\"bg attachment-2048x2048 size-2048x2048\" alt=\"EquiStair\u00ae - Der ausziehbare Steigb\u00fcgel wird standardm\u00e4\u00dfig in einer edlen hochwertigen Box mit Feinleinen\u00fcberzug und schwarzer Logo-Pr\u00e4gung versandt, welche sich bereits ideal als Geschenk eignet.\" \/>\t\t\t\t\t\t\n\t\t\t\n\n\t\t<\/div>\n\n\t\t\n\n\t\t<div class=\"section-content relative\">\n\t\t\t\n\n\t<div id=\"gap-2083408449\" class=\"gap-element clearfix\" style=\"display:block; height:auto;\">\n\t\t\n<style>\n#gap-2083408449 {\n  padding-top: 30px;\n}\n<\/style>\n\t<\/div>\n\t\n\n<div class=\"row align-center\"  id=\"row-2094158322\">\n\n\n\t<div id=\"col-617182671\" class=\"col medium-11 small-12 large-12\"  >\n\t\t\t\t<div class=\"col-inner\" style=\"background-color:rgb(154, 148, 128);\" >\n\t\t\t\n\t\t\t\n\n<div class=\"row row-collapse align-middle\"  id=\"row-186507131\">\n\n\n\t<div id=\"col-377935423\" class=\"col medium-12 small-12 large-5\"  >\n\t\t\t\t<div class=\"col-inner text-center dark\"  >\n\t\t\t\n\t\t\t\n\n<p>Stay up to date with our latest products, offers and promotions by signing up for our newsletter. We send it out irregularly to only inform you when there is something really exciting to share. Of course, you can unsubscribe at any time.  <\/p>\n\n\n\t\t<\/div>\n\t\t\t\t\n<style>\n#col-377935423 > .col-inner {\n  padding: 50px 30px 40px 30px;\n}\n@media (min-width:550px) {\n  #col-377935423 > .col-inner {\n    padding: 70px 70px 50px 70px;\n  }\n}\n<\/style>\n\t<\/div>\n\n\t\n\n\t<div id=\"col-1693801905\" class=\"col medium-12 small-12 large-7\"  >\n\t\t\t\t<div class=\"col-inner text-center\" style=\"background-color:rgb(255, 255, 255);\" >\n\t\t\t\n\t\t\t\n\n\t<div id=\"text-963263384\" class=\"text\">\n\t\t\n\n<h3>Manage newsletter subscription<\/h3>\n<p><div class=\"tnp tnp-subscription \">\n<form method=\"post\" action=\"https:\/\/equistair.de\/wp-admin\/admin-ajax.php?action=tnp&amp;na=s\">\n<input type=\"hidden\" name=\"nlang\" value=\"en\">\n<div class=\"tnp-field tnp-field-firstname\"><label for=\"tnp-1\">Name<\/label>\n<input class=\"tnp-name\" type=\"text\" name=\"nn\" id=\"tnp-1\" value=\"\" placeholder=\"\"><\/div>\n<div class=\"tnp-field tnp-field-email\"><label for=\"tnp-2\">Email<\/label>\n<input class=\"tnp-email\" type=\"email\" name=\"ne\" id=\"tnp-2\" value=\"\" placeholder=\"\" required><\/div>\n<div class=\"tnp-field tnp-privacy-field\"><label><input type=\"checkbox\" name=\"ny\" required class=\"tnp-privacy\"> <a target=\"_blank\" href=\"https:\/\/equistair.de\/datenschutz\">Indem Du fortf\u00e4hrst, akzeptierst Du unsere Datenschutzerkl\u00e4rung.<\/a><\/label><\/div><div class=\"tnp-field tnp-field-button\" style=\"text-align: left\"><input class=\"tnp-submit\" type=\"submit\" value=\"Abonnieren\" style=\"\">\n<\/div>\n<\/form>\n<\/div>\n<\/p>\n\t\t\n<style>\n#text-963263384 {\n  text-align: center;\n}\n<\/style>\n\t<\/div>\n\t\n\n\t\t<\/div>\n\t\t\t\t\n<style>\n#col-1693801905 > .col-inner {\n  padding: 30px 30px 30px 30px;\n  border-radius: 12px;\n}\n<\/style>\n\t<\/div>\n\n\t\n\n<\/div>\n\n\t\t<\/div>\n\t\t\t\t\n<style>\n#col-617182671 > .col-inner {\n  padding: 20px 20px 20px 20px;\n  border-radius: 12px;\n}\n<\/style>\n\t<\/div>\n\n\t\n\n<\/div>\n\n\t\t<\/div>\n\n\t\t\n<style>\n#section_1387964077 {\n  padding-top: 45px;\n  padding-bottom: 45px;\n  background-color: rgb(25, 36, 48);\n}\n#section_1387964077 .section-bg img {\n  object-position: 27% 44%;\n}\n@media (min-width:550px) {\n  #section_1387964077 {\n    padding-top: 60px;\n    padding-bottom: 60px;\n  }\n}\n@media (min-width:850px) {\n  #section_1387964077 {\n    padding-top: 100px;\n    padding-bottom: 100px;\n  }\n}\n<\/style>\n\t<\/section>\n\t\n\t<div id=\"gap-2118758733\" class=\"gap-element clearfix\" style=\"display:block; height:auto;\">\n\t\t\n<style>\n#gap-2118758733 {\n  padding-top: 50px;\n}\n<\/style>\n\t<\/div>\n\t\n\n\n","protected":false},"excerpt":{"rendered":"","protected":false},"author":1,"featured_media":0,"parent":0,"menu_order":0,"comment_status":"closed","ping_status":"closed","template":"page-blank.php","meta":{"footnotes":""},"class_list":["post-1781","page","type-page","status-publish","hentry"],"yoast_head":"<!-- This site is optimized with the Yoast SEO plugin v27.3 - https:\/\/yoast.com\/product\/yoast-seo-wordpress\/ -->\n<title>Newsletter - EquiStair\u00ae - Der ausziehbare Steigb\u00fcgel<\/title>\n<meta name=\"description\" content=\"EquiStair\u00ae erleichtert dir den Aufstieg auf dein Pferd! Eine versteckte, nach unten ausziehbare zweite Trittstufe macht den Aufstieg zum Kinderspiel.\" \/>\n<meta name=\"robots\" content=\"index, follow, max-snippet:-1, max-image-preview:large, max-video-preview:-1\" \/>\n<link rel=\"canonical\" href=\"https:\/\/equistair.de\/en\/newsletter\/\" \/>\n<meta property=\"og:locale\" content=\"en_US\" \/>\n<meta property=\"og:type\" content=\"article\" \/>\n<meta property=\"og:title\" content=\"Newsletter - EquiStair\u00ae - Der ausziehbare Steigb\u00fcgel\" \/>\n<meta property=\"og:description\" content=\"EquiStair\u00ae erleichtert dir den Aufstieg auf dein Pferd! Eine versteckte, nach unten ausziehbare zweite Trittstufe macht den Aufstieg zum Kinderspiel.\" \/>\n<meta property=\"og:url\" content=\"https:\/\/equistair.de\/en\/newsletter\/\" \/>\n<meta property=\"og:site_name\" content=\"EquiStair\u00ae - Der ausziehbare Steigb\u00fcgel\" \/>\n<meta property=\"article:modified_time\" content=\"2024-11-08T14:22:48+00:00\" \/>\n<meta property=\"og:image\" content=\"https:\/\/equistair.de\/wp-content\/uploads\/2024\/01\/EquiStairLogo800px.webp\" \/>\n\t<meta property=\"og:image:width\" content=\"800\" \/>\n\t<meta property=\"og:image:height\" content=\"346\" \/>\n\t<meta property=\"og:image:type\" content=\"image\/webp\" \/>\n<meta name=\"twitter:card\" content=\"summary_large_image\" \/>\n<meta name=\"twitter:label1\" content=\"Est. reading time\" \/>\n\t<meta name=\"twitter:data1\" content=\"1 minute\" \/>\n<script type=\"application\/ld+json\" class=\"yoast-schema-graph\">{\"@context\":\"https:\\\/\\\/schema.org\",\"@graph\":[{\"@type\":\"WebPage\",\"@id\":\"https:\\\/\\\/equistair.de\\\/en\\\/newsletter\\\/\",\"url\":\"https:\\\/\\\/equistair.de\\\/en\\\/newsletter\\\/\",\"name\":\"Newsletter - EquiStair\u00ae - Der ausziehbare Steigb\u00fcgel\",\"isPartOf\":{\"@id\":\"https:\\\/\\\/equistair.de\\\/en\\\/#website\"},\"datePublished\":\"2024-01-18T22:58:08+00:00\",\"dateModified\":\"2024-11-08T14:22:48+00:00\",\"description\":\"EquiStair\u00ae erleichtert dir den Aufstieg auf dein Pferd! Eine versteckte, nach unten ausziehbare zweite Trittstufe macht den Aufstieg zum Kinderspiel.\",\"breadcrumb\":{\"@id\":\"https:\\\/\\\/equistair.de\\\/en\\\/newsletter\\\/#breadcrumb\"},\"inLanguage\":\"en-US\",\"potentialAction\":[{\"@type\":\"ReadAction\",\"target\":[\"https:\\\/\\\/equistair.de\\\/en\\\/newsletter\\\/\"]}]},{\"@type\":\"BreadcrumbList\",\"@id\":\"https:\\\/\\\/equistair.de\\\/en\\\/newsletter\\\/#breadcrumb\",\"itemListElement\":[{\"@type\":\"ListItem\",\"position\":1,\"name\":\"Startseite\",\"item\":\"https:\\\/\\\/equistair.de\\\/en\\\/\"},{\"@type\":\"ListItem\",\"position\":2,\"name\":\"Newsletter\"}]},{\"@type\":\"WebSite\",\"@id\":\"https:\\\/\\\/equistair.de\\\/en\\\/#website\",\"url\":\"https:\\\/\\\/equistair.de\\\/en\\\/\",\"name\":\"EquiStair\u00ae - Der ausziehbare Steigb\u00fcgel\",\"description\":\"Aufsteigen war noch nie so einfach!\",\"publisher\":{\"@id\":\"https:\\\/\\\/equistair.de\\\/en\\\/#organization\"},\"potentialAction\":[{\"@type\":\"SearchAction\",\"target\":{\"@type\":\"EntryPoint\",\"urlTemplate\":\"https:\\\/\\\/equistair.de\\\/en\\\/?s={search_term_string}\"},\"query-input\":{\"@type\":\"PropertyValueSpecification\",\"valueRequired\":true,\"valueName\":\"search_term_string\"}}],\"inLanguage\":\"en-US\"},{\"@type\":\"Organization\",\"@id\":\"https:\\\/\\\/equistair.de\\\/en\\\/#organization\",\"name\":\"EquiStair\u00ae - Der ausziehbare Steigb\u00fcgel\",\"url\":\"https:\\\/\\\/equistair.de\\\/en\\\/\",\"logo\":{\"@type\":\"ImageObject\",\"inLanguage\":\"en-US\",\"@id\":\"https:\\\/\\\/equistair.de\\\/en\\\/#\\\/schema\\\/logo\\\/image\\\/\",\"url\":\"https:\\\/\\\/equistair.de\\\/wp-content\\\/uploads\\\/2024\\\/01\\\/EquiStairLogo800px.webp\",\"contentUrl\":\"https:\\\/\\\/equistair.de\\\/wp-content\\\/uploads\\\/2024\\\/01\\\/EquiStairLogo800px.webp\",\"width\":800,\"height\":346,\"caption\":\"EquiStair\u00ae - Der ausziehbare Steigb\u00fcgel\"},\"image\":{\"@id\":\"https:\\\/\\\/equistair.de\\\/en\\\/#\\\/schema\\\/logo\\\/image\\\/\"},\"sameAs\":[\"https:\\\/\\\/instagram.com\\\/equistair\"]}]}<\/script>\n<!-- \/ Yoast SEO plugin. -->","yoast_head_json":{"title":"Newsletter - EquiStair\u00ae - Der ausziehbare Steigb\u00fcgel","description":"EquiStair\u00ae erleichtert dir den Aufstieg auf dein Pferd! Eine versteckte, nach unten ausziehbare zweite Trittstufe macht den Aufstieg zum Kinderspiel.","robots":{"index":"index","follow":"follow","max-snippet":"max-snippet:-1","max-image-preview":"max-image-preview:large","max-video-preview":"max-video-preview:-1"},"canonical":"https:\/\/equistair.de\/en\/newsletter\/","og_locale":"en_US","og_type":"article","og_title":"Newsletter - EquiStair\u00ae - Der ausziehbare Steigb\u00fcgel","og_description":"EquiStair\u00ae erleichtert dir den Aufstieg auf dein Pferd! Eine versteckte, nach unten ausziehbare zweite Trittstufe macht den Aufstieg zum Kinderspiel.","og_url":"https:\/\/equistair.de\/en\/newsletter\/","og_site_name":"EquiStair\u00ae - Der ausziehbare Steigb\u00fcgel","article_modified_time":"2024-11-08T14:22:48+00:00","og_image":[{"width":800,"height":346,"url":"https:\/\/equistair.de\/wp-content\/uploads\/2024\/01\/EquiStairLogo800px.webp","type":"image\/webp"}],"twitter_card":"summary_large_image","twitter_misc":{"Est. reading time":"1 minute"},"schema":{"@context":"https:\/\/schema.org","@graph":[{"@type":"WebPage","@id":"https:\/\/equistair.de\/en\/newsletter\/","url":"https:\/\/equistair.de\/en\/newsletter\/","name":"Newsletter - EquiStair\u00ae - Der ausziehbare Steigb\u00fcgel","isPartOf":{"@id":"https:\/\/equistair.de\/en\/#website"},"datePublished":"2024-01-18T22:58:08+00:00","dateModified":"2024-11-08T14:22:48+00:00","description":"EquiStair\u00ae erleichtert dir den Aufstieg auf dein Pferd! Eine versteckte, nach unten ausziehbare zweite Trittstufe macht den Aufstieg zum Kinderspiel.","breadcrumb":{"@id":"https:\/\/equistair.de\/en\/newsletter\/#breadcrumb"},"inLanguage":"en-US","potentialAction":[{"@type":"ReadAction","target":["https:\/\/equistair.de\/en\/newsletter\/"]}]},{"@type":"BreadcrumbList","@id":"https:\/\/equistair.de\/en\/newsletter\/#breadcrumb","itemListElement":[{"@type":"ListItem","position":1,"name":"Startseite","item":"https:\/\/equistair.de\/en\/"},{"@type":"ListItem","position":2,"name":"Newsletter"}]},{"@type":"WebSite","@id":"https:\/\/equistair.de\/en\/#website","url":"https:\/\/equistair.de\/en\/","name":"EquiStair\u00ae - Der ausziehbare Steigb\u00fcgel","description":"Aufsteigen war noch nie so einfach!","publisher":{"@id":"https:\/\/equistair.de\/en\/#organization"},"potentialAction":[{"@type":"SearchAction","target":{"@type":"EntryPoint","urlTemplate":"https:\/\/equistair.de\/en\/?s={search_term_string}"},"query-input":{"@type":"PropertyValueSpecification","valueRequired":true,"valueName":"search_term_string"}}],"inLanguage":"en-US"},{"@type":"Organization","@id":"https:\/\/equistair.de\/en\/#organization","name":"EquiStair\u00ae - Der ausziehbare Steigb\u00fcgel","url":"https:\/\/equistair.de\/en\/","logo":{"@type":"ImageObject","inLanguage":"en-US","@id":"https:\/\/equistair.de\/en\/#\/schema\/logo\/image\/","url":"https:\/\/equistair.de\/wp-content\/uploads\/2024\/01\/EquiStairLogo800px.webp","contentUrl":"https:\/\/equistair.de\/wp-content\/uploads\/2024\/01\/EquiStairLogo800px.webp","width":800,"height":346,"caption":"EquiStair\u00ae - Der ausziehbare Steigb\u00fcgel"},"image":{"@id":"https:\/\/equistair.de\/en\/#\/schema\/logo\/image\/"},"sameAs":["https:\/\/instagram.com\/equistair"]}]}},"jetpack_sharing_enabled":true,"_links":{"self":[{"href":"https:\/\/equistair.de\/en\/wp-json\/wp\/v2\/pages\/1781","targetHints":{"allow":["GET"]}}],"collection":[{"href":"https:\/\/equistair.de\/en\/wp-json\/wp\/v2\/pages"}],"about":[{"href":"https:\/\/equistair.de\/en\/wp-json\/wp\/v2\/types\/page"}],"author":[{"embeddable":true,"href":"https:\/\/equistair.de\/en\/wp-json\/wp\/v2\/users\/1"}],"replies":[{"embeddable":true,"href":"https:\/\/equistair.de\/en\/wp-json\/wp\/v2\/comments?post=1781"}],"version-history":[{"count":0,"href":"https:\/\/equistair.de\/en\/wp-json\/wp\/v2\/pages\/1781\/revisions"}],"wp:attachment":[{"href":"https:\/\/equistair.de\/en\/wp-json\/wp\/v2\/media?parent=1781"}],"curies":[{"name":"wp","href":"https:\/\/api.w.org\/{rel}","templated":true}]}}